{"id":82,"date":"2025-03-02T11:40:56","date_gmt":"2025-03-02T11:40:56","guid":{"rendered":"https:\/\/snowbyte.fi\/?page_id=82"},"modified":"2025-03-16T19:40:01","modified_gmt":"2025-03-16T19:40:01","slug":"snowbyte-fi","status":"publish","type":"page","link":"https:\/\/snowbyte.fi\/","title":{"rendered":"SnowByte"},"content":{"rendered":"\n<div class=\"wp-block-group alignfull has-global-padding is-layout-constrained wp-container-core-group-is-layout-490fa1db wp-block-group-is-layout-constrained has-background\" style=\"padding-top:var(--wp--preset--spacing--50);padding-right:var(--wp--preset--spacing--50);padding-bottom:var(--wp--preset--spacing--50);padding-left:var(--wp--preset--spacing--50);background-image:url(&apos;https:\/\/snowbyte.fi\/wp-content\/uploads\/2025\/02\/arctic-instruments-hero.jpg&apos;);background-size:cover;\">\n<div class=\"wp-block-group has-base-2-color has-contrast-background-color has-text-color has-background has-link-color wp-elements-b3ad4619b607722d6c468530f1d6c6ea has-global-padding is-layout-constrained wp-container-core-group-is-layout-6cf5bcb4 wp-block-group-is-layout-constrained\" style=\"margin-top:0;margin-bottom:0;padding-top:var(--wp--preset--spacing--20);padding-right:var(--wp--preset--spacing--20);padding-bottom:var(--wp--preset--spacing--20);padding-left:var(--wp--preset--spacing--20)\">\n<h1 class=\"wp-block-heading has-text-align-center has-base-2-color has-text-color has-link-color has-x-large-font-size wp-elements-f9a2f065a3e0a631c471a20e2912c7fe\">ASIAKASL\u00c4HT\u00d6INEN. KUSTANNUSTEHOKAS. INNOVATIIVINEN.<\/h1>\n\n\n\n<div style=\"height:40px\" aria-hidden=\"true\" class=\"wp-block-spacer\"><\/div>\n\n\n\n<p class=\"has-text-align-center\" style=\"font-size:clamp(0.875rem, 0.875rem + ((1vw - 0.2rem) * 0.458), 1.15rem);\">SnowByte on erikoistunut sulautettuihin j\u00e4rjestelmiin ja laitel\u00e4heiseen suunnitteluun. Olemme partnerisi vaativissakin teknisiss\u00e4 ratkaisuissa.<\/p>\n\n\n\n<div style=\"height:1.25rem\" aria-hidden=\"true\" class=\"wp-block-spacer\"><\/div>\n<\/div>\n\n\n\n<div style=\"height:var(--wp--preset--spacing--30)\" aria-hidden=\"true\" class=\"wp-block-spacer\"><\/div>\n<\/div>\n\n\n\n<div class=\"wp-block-group alignfull has-base-2-background-color has-background has-global-padding is-layout-constrained wp-container-core-group-is-layout-669513ed wp-block-group-is-layout-constrained\" style=\"margin-top:0;margin-bottom:0;padding-top:var(--wp--preset--spacing--50);padding-right:var(--wp--preset--spacing--50);padding-bottom:var(--wp--preset--spacing--50);padding-left:var(--wp--preset--spacing--50)\">\n<div class=\"wp-block-group is-vertical is-content-justification-center is-layout-flex wp-container-core-group-is-layout-52b864f0 wp-block-group-is-layout-flex\">\n<h2 class=\"wp-block-heading has-text-align-center is-style-default\">Palvelumme<\/h2>\n<\/div>\n\n\n\n<div style=\"margin-top:0;margin-bottom:0;height:var(--wp--preset--spacing--40)\" aria-hidden=\"true\" class=\"wp-block-spacer\"><\/div>\n\n\n\n<div class=\"wp-block-columns alignwide is-layout-flex wp-container-core-columns-is-layout-d0bbbce0 wp-block-columns-is-layout-flex\">\n<div class=\"wp-block-column animated zoomIn has-background has-global-padding is-layout-constrained wp-container-core-column-is-layout-d233f8b6 wp-block-column-is-layout-constrained\" style=\"border-radius:22px;background-color:#b5bdbc2e;padding-top:var(--wp--preset--spacing--10);padding-bottom:var(--wp--preset--spacing--10)\">\n<h2 class=\"wp-block-heading has-text-align-left is-style-default has-large-font-size\">Sulautettujen j\u00e4rjestelmien suunnittelu&nbsp;<\/h2>\n\n\n\n<p class=\"has-text-align-left slide-in\">IoT-laitteista \u00e4lyantureihin \u2013 suunnittelemme luotettavia sulautettuja j\u00e4rjestelmi\u00e4 ja kehit\u00e4mme niiden ohjelmistot aina matalan tason laiteohjelmistosta t\u00e4ysimittaisiin ohjelmistoratkaisuihin.&nbsp;<\/p>\n<\/div>\n\n\n\n<div class=\"wp-block-column animated zoomIn has-background has-global-padding is-layout-constrained wp-container-core-column-is-layout-d233f8b6 wp-block-column-is-layout-constrained\" style=\"border-radius:22px;background-color:#b5bdbc2e;padding-top:var(--wp--preset--spacing--10);padding-bottom:var(--wp--preset--spacing--10)\">\n<h3 class=\"wp-block-heading has-text-align-left is-style-default has-large-font-size\">Elektroniikkasuunnittelu&nbsp;<\/h3>\n\n\n\n<p class=\"has-text-align-left\">Kehit\u00e4mme r\u00e4\u00e4t\u00e4l\u00f6ityj\u00e4 elektroniikkaratkaisuja, joiden suorituskyky on optimoitu asiakkaan tarpeiden mukaan. Tiimill\u00e4mme on laaja osaaminen mm. matalakohinaisiin sovelluksiin, vaativiin teollisuusymp\u00e4rist\u00f6ihin, RF-tekniikkaan kuin perinteisemp\u00e4\u00e4nkin elektroniikkaan.&nbsp;<\/p>\n<\/div>\n\n\n\n<div class=\"wp-block-column animated zoomIn has-background has-global-padding is-layout-constrained wp-container-core-column-is-layout-d233f8b6 wp-block-column-is-layout-constrained\" style=\"border-radius:22px;background-color:#b5bdbc2e;padding-top:var(--wp--preset--spacing--10);padding-bottom:var(--wp--preset--spacing--10)\">\n<h3 class=\"wp-block-heading has-text-align-left is-style-default has-large-font-size\">Mekaniikkasuunnittelu&nbsp;<\/h3>\n\n\n\n<p class=\"has-text-align-left\">Varmistamme, ett\u00e4 tuotteesi mekaniikka on tarkasti ja kustannusoptimoidusti suunniteltu, integroituen saumattomasti elektroniikkaan optimaalisen toimivuuden saavuttamiseksi.&nbsp;<br><br><\/p>\n<\/div>\n<\/div>\n\n\n\n<div style=\"height:var(--wp--preset--spacing--20)\" aria-hidden=\"true\" class=\"wp-block-spacer\"><\/div>\n\n\n\n<div class=\"wp-block-columns alignwide is-layout-flex wp-container-core-columns-is-layout-d0bbbce0 wp-block-columns-is-layout-flex\">\n<div class=\"wp-block-column animated zoomIn has-background has-global-padding is-layout-constrained wp-container-core-column-is-layout-d233f8b6 wp-block-column-is-layout-constrained\" style=\"border-radius:22px;background-color:#b5bdbc2e;padding-top:var(--wp--preset--spacing--10);padding-bottom:var(--wp--preset--spacing--10)\">\n<h3 class=\"wp-block-heading has-text-align-left is-style-default has-large-font-size\">UI\/UX- ja visuaalinen suunnittelu&nbsp;<\/h3>\n\n\n\n<p class=\"has-text-align-left\">Intuitiiviset ja visuaalisesti houkuttelevat k\u00e4ytt\u00f6liittym\u00e4t parantavat k\u00e4ytt\u00f6kokemusta, tehden tuotteistasi yht\u00e4 helppok\u00e4ytt\u00f6isi\u00e4 kuin ne ovat suorituskykyisi\u00e4.&nbsp;<br><br><\/p>\n<\/div>\n\n\n\n<div class=\"wp-block-column animated zoomIn has-background has-global-padding is-layout-constrained wp-container-core-column-is-layout-d233f8b6 wp-block-column-is-layout-constrained\" style=\"border-radius:22px;background-color:#b5bdbc2e;padding-top:var(--wp--preset--spacing--10);padding-bottom:var(--wp--preset--spacing--10)\">\n<h3 class=\"wp-block-heading has-text-align-left is-style-default has-large-font-size\">Testaus ja validointi&nbsp;<\/h3>\n\n\n\n<p class=\"has-text-align-left\">Jokainen suunnitelma testataan huolellisesti, jotta se t\u00e4ytt\u00e4\u00e4 ja ylitt\u00e4\u00e4 alan standardit \u2013 varmistaen, ett\u00e4 tuotteesi on valmis kaikkiin k\u00e4ytt\u00f6ymp\u00e4rist\u00f6ihin.&nbsp;<br><br><\/p>\n<\/div>\n\n\n\n<div class=\"wp-block-column animated zoomIn has-background has-global-padding is-layout-constrained wp-container-core-column-is-layout-d0c76de3 wp-block-column-is-layout-constrained\" style=\"border-radius:22px;background-color:#b5bdbc2e;padding-top:var(--wp--preset--spacing--10);padding-bottom:var(--wp--preset--spacing--10)\">\n<h3 class=\"wp-block-heading has-text-align-left is-style-default has-body-font-family has-large-font-size\">Br\u00e4nd\u00e4ys ja graafinen suunnittelu&nbsp;<\/h3>\n\n\n\n<p class=\"has-text-align-left\">Tarvitsetko logon, graafista suunnittelua, verkkosivut tai myyv\u00e4\u00e4 tuote-esitett\u00e4. Tarjoamme kattavat graafisen suunnittelun ja web-suunnittelun palvelut, jotka vahvistavat br\u00e4ndi\u00e4si ja varmistavat, ett\u00e4 tuotteesi ja yrityksesi n\u00e4ytt\u00e4v\u00e4t yht\u00e4 vaikuttavilta kuin ne toimivat.&nbsp;<\/p>\n<\/div>\n<\/div>\n<\/div>\n\n\n\n<div class=\"wp-block-group alignfull has-base-2-color has-contrast-background-color has-text-color has-background has-link-color wp-elements-2a88335bb4513c5064bf519059b40f6c has-global-padding is-layout-constrained wp-container-core-group-is-layout-d89aad35 wp-block-group-is-layout-constrained\" style=\"margin-top:0;margin-bottom:0;padding-top:var(--wp--preset--spacing--50);padding-right:var(--wp--preset--spacing--50);padding-bottom:var(--wp--preset--spacing--50);padding-left:var(--wp--preset--spacing--50)\">\n<div class=\"wp-block-group alignwide animated zoomIn has-base-2-color has-text-color has-link-color wp-elements-02ee435fec20e77d449261c968f245d4 has-global-padding is-layout-constrained wp-container-core-group-is-layout-19e250f3 wp-block-group-is-layout-constrained\">\n<div style=\"height:var(--wp--preset--spacing--40)\" aria-hidden=\"true\" class=\"wp-block-spacer\"><\/div>\n\n\n\n<div class=\"wp-block-columns alignwide is-layout-flex wp-container-core-columns-is-layout-d1c656ed wp-block-columns-is-layout-flex\">\n<div class=\"wp-block-column is-vertically-aligned-center is-layout-flow wp-block-column-is-layout-flow\" style=\"flex-basis:40%\">\n<h2 class=\"wp-block-heading is-style-default has-base-2-color has-text-color has-link-color wp-elements-cea7072d0d172859cc1f9be47400c409\">Meist\u00e4<\/h2>\n\n\n\n<p><br>SnowByte on sulautettuihin j\u00e4rjestelmiin ja laitel\u00e4heiseen suunnitteluun erikoistunut insin\u00f6\u00f6ritoimisto. Toimitamme r\u00e4\u00e4t\u00e4l\u00f6ityj\u00e4, optimoituja ja luotettavia ratkaisuja, jotka tekev\u00e4t \u00e4lykk\u00e4ist\u00e4 laitteista tehokkaampia ja kest\u00e4v\u00e4t vaativimmatkin tekniset ymp\u00e4rist\u00f6t.<br><br><\/p>\n\n\n\n<p>Juuremme ovat syv\u00e4ll\u00e4 tutkimuksessa ja teollisuudessa \u2013 SnowByte on kartuttanut vuosikymmenten kokemuksen VTT:ll\u00e4 ja eri teknologia-alojen huippuyrityksiss\u00e4. Yhdist\u00e4mme vankan asiantuntemuksen ja innovatiivisen ajattelun, jotta voimme tarjota asiakkaillemme ensiluokkaisia ratkaisuja, jotka kest\u00e4v\u00e4t aikaa ja kilpailua.<br><br><\/p>\n\n\n\n<p>Onko sinulla idea, mutta tarvitset asiantuntevan kumppanin sen toteuttamiseen? Me autamme kehitt\u00e4m\u00e4\u00e4n teknologiasi ytimest\u00e4 toimivan ratkaisun ja nostamaan tuotteesi seuraavalle tasolle.<br><br>Ota rohkeasti yhteytt\u00e4!<\/p>\n\n\n\n<p>sales@snowbyte.fi<\/p>\n<\/div>\n\n\n\n<div class=\"wp-block-column is-vertically-aligned-center is-layout-flow wp-block-column-is-layout-flow\" style=\"flex-basis:50%\">\n<figure class=\"wp-block-image size-large is-style-rounded is-style-rounded--1\"><img loading=\"lazy\" decoding=\"async\" width=\"1024\" height=\"683\" src=\"https:\/\/snowbyte.fi\/wp-content\/uploads\/2025\/03\/shutterstock_2213162587-lo-res-1024x683.jpg\" alt=\"\" class=\"wp-image-389\" srcset=\"https:\/\/snowbyte.fi\/wp-content\/uploads\/2025\/03\/shutterstock_2213162587-lo-res-1024x683.jpg 1024w, https:\/\/snowbyte.fi\/wp-content\/uploads\/2025\/03\/shutterstock_2213162587-lo-res-300x200.jpg 300w, https:\/\/snowbyte.fi\/wp-content\/uploads\/2025\/03\/shutterstock_2213162587-lo-res-768x512.jpg 768w, https:\/\/snowbyte.fi\/wp-content\/uploads\/2025\/03\/shutterstock_2213162587-lo-res.jpg 1362w\" sizes=\"auto, (max-width: 1024px) 100vw, 1024px\" \/><\/figure>\n<\/div>\n<\/div>\n\n\n\n<div style=\"height:var(--wp--preset--spacing--40)\" aria-hidden=\"true\" class=\"wp-block-spacer\"><\/div>\n<\/div>\n<\/div>\n\n\n\n<div class=\"wp-block-group alignfull has-background has-global-padding is-layout-constrained wp-container-core-group-is-layout-d89aad35 wp-block-group-is-layout-constrained\" style=\"background-color:#4b677f;margin-top:0;margin-bottom:0;padding-top:var(--wp--preset--spacing--50);padding-right:var(--wp--preset--spacing--50);padding-bottom:var(--wp--preset--spacing--50);padding-left:var(--wp--preset--spacing--50)\">\n<div class=\"wp-block-group alignwide has-global-padding is-layout-constrained wp-container-core-group-is-layout-19e250f3 wp-block-group-is-layout-constrained\">\n<div style=\"height:var(--wp--preset--spacing--40)\" aria-hidden=\"true\" class=\"wp-block-spacer\"><\/div>\n\n\n\n<div class=\"wp-block-columns alignwide is-layout-flex wp-container-core-columns-is-layout-d1c656ed wp-block-columns-is-layout-flex\">\n<div class=\"wp-block-column is-vertically-aligned-center is-layout-flow wp-block-column-is-layout-flow\" style=\"flex-basis:40%\">\n<h3 class=\"wp-block-heading has-base-2-color has-text-color has-link-color wp-elements-64fee3af96b0a6c9664ce57d05319624\">Asiakastarina<\/h3>\n\n\n\n<h2 class=\"wp-block-heading is-style-default has-base-2-color has-text-color has-link-color wp-elements-c6695a839045b5da890161d510b058c7\">Arctic Farming<\/h2>\n\n\n\n<p class=\"has-base-2-color has-text-color has-link-color wp-elements-d637e7ecefdac090fc9cc36f2c5faa32\"><br>Arctic Farming on suomalainen avaruusteknologiayritys, joka kehitt\u00e4\u00e4 t\u00e4ysin automatisoituja kaksoisk\u00e4ytt\u00f6isi\u00e4 viljelyalustoja avaruusteollisuudelle, joilla on my\u00f6s maapallon sovelluksia esimerkiksi ravintola-alalla.<br><\/p>\n\n\n\n<div class=\"wp-block-buttons is-layout-flex wp-block-buttons-is-layout-flex\">\n<div class=\"wp-block-button\"><a class=\"wp-block-button__link wp-element-button\" href=\"https:\/\/snowbyte.fi\/index.php\/asiakastarina\/\">Lue lis\u00e4\u00e4<\/a><\/div>\n<\/div>\n<\/div>\n\n\n\n<div class=\"wp-block-column is-layout-flow wp-block-column-is-layout-flow\" style=\"flex-basis:50%\">\n<blockquote class=\"wp-block-quote has-base-background-color has-background is-layout-flow wp-block-quote-is-layout-flow\">\n<p><em>\u201cYdinliiketoimintamme on vertikaaliviljely ja siihen liittyv\u00e4n patentoitujen teknologioiden ja laitteiden myynti. Halusimme nopeuttaa tuotekehityst\u00e4mme, joten etsimme taitavaa kumppania kehityksen vauhdittamiseksi.\u201c<\/em><\/p>\n<\/blockquote>\n\n\n\n<p class=\"has-text-align-right has-base-2-color has-text-color has-link-color wp-elements-3be478003f7cc15f347ea2f64a63a417\">\u2013&nbsp;<strong>Oliver Rotko<\/strong>, toimitusjohtaja, Arctic Farming<\/p>\n<\/div>\n<\/div>\n\n\n\n<div style=\"height:var(--wp--preset--spacing--40)\" aria-hidden=\"true\" class=\"wp-block-spacer\"><\/div>\n<\/div>\n<\/div>\n\n\n\n<p><\/p>\n","protected":false},"excerpt":{"rendered":"<p>ASIAKASL\u00c4HT\u00d6INEN. KUSTANNUSTEHOKAS. INNOVATIIVINEN. SnowByte on erikoistunut sulautettuihin j\u00e4rjestelmiin ja laitel\u00e4heiseen suunnitteluun. Olemme partnerisi vaativissakin teknisiss\u00e4 ratkaisuissa. Palvelumme Sulautettujen j\u00e4rjestelmien suunnittelu&nbsp; IoT-laitteista \u00e4lyantureihin \u2013 suunnittelemme luotettavia sulautettuja j\u00e4rjestelmi\u00e4 ja kehit\u00e4mme niiden ohjelmistot aina matalan tason laiteohjelmistosta t\u00e4ysimittaisiin ohjelmistoratkaisuihin.&nbsp; Elektroniikkasuunnittelu&nbsp; Kehit\u00e4mme r\u00e4\u00e4t\u00e4l\u00f6ityj\u00e4 elektroniikkaratkaisuja, joiden suorituskyky on optimoitu asiakkaan tarpeiden mukaan. Tiimill\u00e4mme on laaja osaaminen mm. matalakohinaisiin sovelluksiin, [&hellip;]<\/p>\n","protected":false},"author":1,"featured_media":0,"parent":0,"menu_order":0,"comment_status":"closed","ping_status":"closed","template":"","meta":{"footnotes":""},"class_list":["post-82","page","type-page","status-publish","hentry"],"jetpack_sharing_enabled":true,"_links":{"self":[{"href":"https:\/\/snowbyte.fi\/index.php\/wp-json\/wp\/v2\/pages\/82","targetHints":{"allow":["GET"]}}],"collection":[{"href":"https:\/\/snowbyte.fi\/index.php\/wp-json\/wp\/v2\/pages"}],"about":[{"href":"https:\/\/snowbyte.fi\/index.php\/wp-json\/wp\/v2\/types\/page"}],"author":[{"embeddable":true,"href":"https:\/\/snowbyte.fi\/index.php\/wp-json\/wp\/v2\/users\/1"}],"replies":[{"embeddable":true,"href":"https:\/\/snowbyte.fi\/index.php\/wp-json\/wp\/v2\/comments?post=82"}],"version-history":[{"count":40,"href":"https:\/\/snowbyte.fi\/index.php\/wp-json\/wp\/v2\/pages\/82\/revisions"}],"predecessor-version":[{"id":544,"href":"https:\/\/snowbyte.fi\/index.php\/wp-json\/wp\/v2\/pages\/82\/revisions\/544"}],"wp:attachment":[{"href":"https:\/\/snowbyte.fi\/index.php\/wp-json\/wp\/v2\/media?parent=82"}],"curies":[{"name":"wp","href":"https:\/\/api.w.org\/{rel}","templated":true}]}}